{"id":12805,"date":"2015-01-06T19:43:31","date_gmt":"2015-01-06T19:43:31","guid":{"rendered":"http:\/\/localhost\/themes\/unicon\/?page_id=12805"},"modified":"2021-09-16T13:39:14","modified_gmt":"2021-09-16T13:39:14","slug":"about-freelancer","status":"publish","type":"page","link":"https:\/\/cecillita.com\/?page_id=12805","title":{"rendered":"About"},"content":{"rendered":"<p>[vc_row][vc_column width=&#8221;1\/1&#8243;]\n\t\t\t<!-- START Slider 3 REVOLUTION SLIDER 6.5.6 --><p class=\"rs-p-wp-fix\"><\/p>\n\t\t\t<rs-module-wrap id=\"rev_slider_5_1_wrapper\" data-source=\"gallery\" style=\"visibility:hidden;background:transparent;padding:0;margin:0px auto;margin-top:0;margin-bottom:0;\">\n\t\t\t\t<rs-module id=\"rev_slider_5_1\" style=\"\" data-version=\"6.5.6\">\n\t\t\t\t\t<rs-slides>\n\t\t\t\t\t\t<rs-slide style=\"position: absolute;\" data-key=\"rs-6\" data-title=\"Slide\" data-in=\"o:0;\" data-out=\"a:false;\">\n\t\t\t\t\t\t\t<img src=\"\/\/cecillita.com\/wp-content\/plugins\/revslider\/public\/assets\/assets\/dummy.png\" title=\"XVRQ7752_bianco e nero (1)\" width=\"2560\" height=\"1440\" class=\"rev-slidebg tp-rs-img rs-lazyload\" data-lazyload=\"\/\/cecillita.com\/wp-content\/uploads\/2021\/09\/2-XVRQ7752_bianco%20e%20nero%20(1)-scaled.jpg\" data-no-retina>\n<!---->\t\t\t\t\t\t<\/rs-slide>\n\t\t\t\t\t<\/rs-slides>\n\t\t\t\t<\/rs-module>\n\t\t\t\t<script type=\"text\/javascript\">\n\t\t\t\t\tsetREVStartSize({c: 'rev_slider_5_1',rl:[1240,1024,778,480],el:[900],gw:[1240],gh:[900],type:'standard',justify:'',layout:'fullwidth',mh:\"0\"});if (window.RS_MODULES!==undefined && window.RS_MODULES.modules!==undefined && window.RS_MODULES.modules[\"revslider51\"]!==undefined) {window.RS_MODULES.modules[\"revslider51\"].once = false;window.revapi5 = undefined;if (window.RS_MODULES.checkMinimal!==undefined) window.RS_MODULES.checkMinimal()}\n\t\t\t\t<\/script>\n\t\t\t<\/rs-module-wrap>\n\t\t\t<!-- END REVOLUTION SLIDER -->\n[\/vc_column][\/vc_row][vc_row top_padding=&#8221;100&#8243; bottom_padding=&#8221;100&#8243; bg_position=&#8221;left top&#8221;][vc_column width=&#8221;1\/3&#8243;]<h3 class=\"headline font-special fontsize-l fontweight-700 lh-inherit align-left transform-uppercase \" style=\"margin: 0 0 20px 0; color: #333333;\">About<\/h3><div class=\"divider divider6\" style='margin:0 !important;'><\/div>[\/vc_column][vc_column width=&#8221;2\/3&#8243;][vc_column_text]L\u2019arte \u00e8 una delle mie pi\u00f9 grandi passioni sin da quando ero bambina. Ho cercato di scoprirla per tutta la mia vita, cercando di vedere tutti i suoi punti di vista e le sue forme di espressione. Ho sempre cercato di trovare una sorta di libert\u00e0 in essa, ma anche di emozionare le persone e dare loro qualcosa di mio.<br \/>\nHo esplorato diversi ambiti dell\u2019Arte, ad esempio la Grafica, la Fotografia, il Cinema e altro, non ho mai pensato per\u00f2 che sarei potuta diventare un designer. Ma magari non \u00e8 un caso&#8230; \ud83d\ude09<\/p>\n<p>Una delle cose che ho fatto di pi\u00f9 nella mia vita finora \u00e8 stato risolvere problemi, e amo l\u2019arte: il Design \u00e8 la combinazione perfetta.<br \/>\nLa mia missione \u00e8 di portare al mondo con il Design la maggiore quantit\u00e0 di Bellezza possibile.<\/p>\n<p>Ho frequentato il triennio di Nuove Tecnologie dell&#8217;Arte all&#8217;Accademia di Belle Arti di Brera e in seguito il biennio di Italian Strategic Design all&#8217;Accademia di Belle Arti di Verona.<\/p>\n<p>Amo, oltre l&#8217;arte, lo sport, la natura, conoscere nuove persone, i gatti e il cioccolato.[\/vc_column_text][\/vc_column][\/vc_row]<\/p>\n","protected":false},"excerpt":{"rendered":"<p>[vc_row][vc_column width=&#8221;1\/1&#8243;][\/vc_column][\/vc_row][vc_row top_padding=&#8221;100&#8243; bottom_padding=&#8221;100&#8243; bg_position=&#8221;left top&#8221;][vc_column width=&#8221;1\/3&#8243;][\/vc_column][vc_column width=&#8221;2\/3&#8243;][vc_column_text]L\u2019arte \u00e8 una delle mie pi\u00f9 grandi passioni sin da quando ero bambina. Ho cercato di scoprirla per tutta la mia vita, cercando di vedere tutti i suoi punti di vista e le sue forme di espressione. Ho sempre cercato di trovare una sorta di libert\u00e0 in essa, ma anche di emozionare le persone e dare loro qualcosa di mio. Ho esplorato diversi ambiti dell\u2019Arte, ad esempio la Grafica, la Fotografia, il Cinema e altro, non ho mai pensato per\u00f2 che sarei potuta diventare un designer. Ma magari non \u00e8 un caso&#8230; \ud83d\ude09 Una delle cose che ho fatto di pi\u00f9 nella mia vita finora \u00e8 stato risolvere problemi, e amo l\u2019arte: il Design \u00e8 la combinazione perfetta. La mia missione \u00e8 di portare al mondo con il Design la maggiore quantit\u00e0 di Bellezza possibile. Ho frequentato il triennio di Nuove Tecnologie dell&#8217;Arte all&#8217;Accademia di Belle Arti di Brera e in seguito il biennio di Italian Strategic Design all&#8217;Accademia di Belle Arti di Verona. Amo, oltre l&#8217;arte, lo sport, la natura, conoscere nuove persone, i gatti e il cioccolato.[\/vc_column_text][\/vc_column][\/vc_row]<\/p>\n","protected":false},"author":1,"featured_media":0,"parent":3182,"menu_order":0,"comment_status":"closed","ping_status":"open","template":"","meta":[],"_links":{"self":[{"href":"https:\/\/cecillita.com\/index.php?rest_route=\/wp\/v2\/pages\/12805"}],"collection":[{"href":"https:\/\/cecillita.com\/index.php?rest_route=\/wp\/v2\/pages"}],"about":[{"href":"https:\/\/cecillita.com\/index.php?rest_route=\/wp\/v2\/types\/page"}],"author":[{"embeddable":true,"href":"https:\/\/cecillita.com\/index.php?rest_route=\/wp\/v2\/users\/1"}],"replies":[{"embeddable":true,"href":"https:\/\/cecillita.com\/index.php?rest_route=%2Fwp%2Fv2%2Fcomments&post=12805"}],"version-history":[{"count":16,"href":"https:\/\/cecillita.com\/index.php?rest_route=\/wp\/v2\/pages\/12805\/revisions"}],"predecessor-version":[{"id":15623,"href":"https:\/\/cecillita.com\/index.php?rest_route=\/wp\/v2\/pages\/12805\/revisions\/15623"}],"up":[{"embeddable":true,"href":"https:\/\/cecillita.com\/index.php?rest_route=\/wp\/v2\/pages\/3182"}],"wp:attachment":[{"href":"https:\/\/cecillita.com\/index.php?rest_route=%2Fwp%2Fv2%2Fmedia&parent=12805"}],"curies":[{"name":"wp","href":"https:\/\/api.w.org\/{rel}","templated":true}]}}